{"id":26524,"date":"2025-07-27T04:32:45","date_gmt":"2025-07-27T02:32:45","guid":{"rendered":"https:\/\/devkiosk.wownautic.com\/?page_id=26524"},"modified":"2025-08-05T19:16:26","modified_gmt":"2025-08-05T17:16:26","slug":"doqueve","status":"publish","type":"page","link":"https:\/\/devkiosk.wownautic.com\/fr\/doqueve\/","title":{"rendered":"Doqueve"},"content":{"rendered":"<div data-elementor-type=\"wp-page\" data-elementor-id=\"26524\" class=\"elementor elementor-26524\" data-elementor-post-type=\"page\">\n\t\t\t\t<div class=\"elementor-element elementor-element-13d7e63 e-flex e-con-boxed e-con e-parent\" data-id=\"13d7e63\" data-element_type=\"container\">\n\t\t\t\t\t<div class=\"e-con-inner\">\n\t\t<div class=\"elementor-element elementor-element-75567ee e-con-full e-flex e-con e-child\" data-id=\"75567ee\" data-element_type=\"container\">\n\t\t\t\t<div class=\"elementor-element elementor-element-280132b elementor-widget elementor-widget-image\" data-id=\"280132b\" data-element_type=\"widget\" data-widget_type=\"image.default\">\n\t\t\t\t<div class=\"elementor-widget-container\">\n\t\t\t\t\t\t\t\t\t\t\t\t\t\t\t<img fetchpriority=\"high\" decoding=\"async\" width=\"1024\" height=\"683\" src=\"https:\/\/devkiosk.wownautic.com\/wp-content\/uploads\/2025\/07\/peche-1-1-seller.jpg\" class=\"attachment-large size-large wp-image-26475\" alt=\"\" srcset=\"https:\/\/devkiosk.wownautic.com\/wp-content\/uploads\/2025\/07\/peche-1-1-seller.jpg 1024w, https:\/\/devkiosk.wownautic.com\/wp-content\/uploads\/2025\/07\/peche-1-1-seller-300x200.jpg 300w, https:\/\/devkiosk.wownautic.com\/wp-content\/uploads\/2025\/07\/peche-1-1-seller-768x512.jpg 768w, https:\/\/devkiosk.wownautic.com\/wp-content\/uploads\/2025\/07\/peche-1-1-seller-18x12.jpg 18w, https:\/\/devkiosk.wownautic.com\/wp-content\/uploads\/2025\/07\/peche-1-1-seller-600x400.jpg 600w\" sizes=\"(max-width: 1024px) 100vw, 1024px\" \/>\t\t\t\t\t\t\t\t\t\t\t\t\t\t\t<\/div>\n\t\t\t\t<\/div>\n\t\t\t\t<div class=\"elementor-element elementor-element-99fe8b2 elementor-widget elementor-widget-image\" data-id=\"99fe8b2\" data-element_type=\"widget\" data-widget_type=\"image.default\">\n\t\t\t\t<div class=\"elementor-widget-container\">\n\t\t\t\t\t\t\t\t\t\t\t\t\t\t\t<img decoding=\"async\" width=\"1024\" height=\"683\" src=\"https:\/\/devkiosk.wownautic.com\/wp-content\/uploads\/2025\/07\/peche-3_sellers.jpg\" class=\"attachment-large size-large wp-image-26473\" alt=\"\" srcset=\"https:\/\/devkiosk.wownautic.com\/wp-content\/uploads\/2025\/07\/peche-3_sellers.jpg 1024w, https:\/\/devkiosk.wownautic.com\/wp-content\/uploads\/2025\/07\/peche-3_sellers-300x200.jpg 300w, https:\/\/devkiosk.wownautic.com\/wp-content\/uploads\/2025\/07\/peche-3_sellers-768x512.jpg 768w, https:\/\/devkiosk.wownautic.com\/wp-content\/uploads\/2025\/07\/peche-3_sellers-18x12.jpg 18w, https:\/\/devkiosk.wownautic.com\/wp-content\/uploads\/2025\/07\/peche-3_sellers-600x400.jpg 600w\" sizes=\"(max-width: 1024px) 100vw, 1024px\" \/>\t\t\t\t\t\t\t\t\t\t\t\t\t\t\t<\/div>\n\t\t\t\t<\/div>\n\t\t\t\t<div class=\"elementor-element elementor-element-084f534 elementor-widget elementor-widget-image\" data-id=\"084f534\" data-element_type=\"widget\" data-widget_type=\"image.default\">\n\t\t\t\t<div class=\"elementor-widget-container\">\n\t\t\t\t\t\t\t\t\t\t\t\t\t\t\t<img decoding=\"async\" width=\"1024\" height=\"745\" src=\"https:\/\/devkiosk.wownautic.com\/wp-content\/uploads\/2025\/07\/Sunset_3.jpg-1024x745.jpg\" class=\"attachment-large size-large wp-image-26531\" alt=\"\" srcset=\"https:\/\/devkiosk.wownautic.com\/wp-content\/uploads\/2025\/07\/Sunset_3.jpg-1024x745.jpg 1024w, https:\/\/devkiosk.wownautic.com\/wp-content\/uploads\/2025\/07\/Sunset_3.jpg-300x218.jpg 300w, https:\/\/devkiosk.wownautic.com\/wp-content\/uploads\/2025\/07\/Sunset_3.jpg-768x559.jpg 768w, https:\/\/devkiosk.wownautic.com\/wp-content\/uploads\/2025\/07\/Sunset_3.jpg-18x12.jpg 18w, https:\/\/devkiosk.wownautic.com\/wp-content\/uploads\/2025\/07\/Sunset_3.jpg-600x436.jpg 600w, https:\/\/devkiosk.wownautic.com\/wp-content\/uploads\/2025\/07\/Sunset_3.jpg.jpg 1529w\" sizes=\"(max-width: 1024px) 100vw, 1024px\" \/>\t\t\t\t\t\t\t\t\t\t\t\t\t\t\t<\/div>\n\t\t\t\t<\/div>\n\t\t\t\t<\/div>\n\t\t<div class=\"elementor-element elementor-element-df2bbb4 e-con-full e-flex e-con e-child\" data-id=\"df2bbb4\" data-element_type=\"container\">\n\t\t\t\t<div class=\"elementor-element elementor-element-f09ab17 elementor-widget elementor-widget-button\" data-id=\"f09ab17\" data-element_type=\"widget\" data-widget_type=\"button.default\">\n\t\t\t\t<div class=\"elementor-widget-container\">\n\t\t\t\t\t\t\t\t\t<div class=\"elementor-button-wrapper\">\n\t\t\t\t\t<a class=\"elementor-button elementor-button-link elementor-size-sm\" href=\"https:\/\/devkiosk.wownautic.com\/fr\/doqueve-2h\/\">\n\t\t\t\t\t\t<span class=\"elementor-button-content-wrapper\">\n\t\t\t\t\t\t\t\t\t<span class=\"elementor-button-text\">3 heures<\/span>\n\t\t\t\t\t<\/span>\n\t\t\t\t\t<\/a>\n\t\t\t\t<\/div>\n\t\t\t\t\t\t\t\t<\/div>\n\t\t\t\t<\/div>\n\t\t\t\t<div class=\"elementor-element elementor-element-7279704 elementor-widget elementor-widget-button\" data-id=\"7279704\" data-element_type=\"widget\" data-widget_type=\"button.default\">\n\t\t\t\t<div class=\"elementor-widget-container\">\n\t\t\t\t\t\t\t\t\t<div class=\"elementor-button-wrapper\">\n\t\t\t\t\t<a class=\"elementor-button elementor-button-link elementor-size-sm\" href=\"https:\/\/devkiosk.wownautic.com\/fr\/doqueve-mid-day\/\">\n\t\t\t\t\t\t<span class=\"elementor-button-content-wrapper\">\n\t\t\t\t\t\t\t\t\t<span class=\"elementor-button-text\">Demie Journ\u00e9e (4h)<\/span>\n\t\t\t\t\t<\/span>\n\t\t\t\t\t<\/a>\n\t\t\t\t<\/div>\n\t\t\t\t\t\t\t\t<\/div>\n\t\t\t\t<\/div>\n\t\t\t\t<div class=\"elementor-element elementor-element-f3e8b9f elementor-widget elementor-widget-button\" data-id=\"f3e8b9f\" data-element_type=\"widget\" data-widget_type=\"button.default\">\n\t\t\t\t<div class=\"elementor-widget-container\">\n\t\t\t\t\t\t\t\t\t<div class=\"elementor-button-wrapper\">\n\t\t\t\t\t<a class=\"elementor-button elementor-button-link elementor-size-sm\" href=\"https:\/\/devkiosk.wownautic.com\/fr\/doqueve-full-day\/\">\n\t\t\t\t\t\t<span class=\"elementor-button-content-wrapper\">\n\t\t\t\t\t\t\t\t\t<span class=\"elementor-button-text\">Journ\u00e9e (8h)<\/span>\n\t\t\t\t\t<\/span>\n\t\t\t\t\t<\/a>\n\t\t\t\t<\/div>\n\t\t\t\t\t\t\t\t<\/div>\n\t\t\t\t<\/div>\n\t\t\t\t<div class=\"elementor-element elementor-element-cf9eed5 elementor-widget elementor-widget-button\" data-id=\"cf9eed5\" data-element_type=\"widget\" data-widget_type=\"button.default\">\n\t\t\t\t<div class=\"elementor-widget-container\">\n\t\t\t\t\t\t\t\t\t<div class=\"elementor-button-wrapper\">\n\t\t\t\t\t<a class=\"elementor-button elementor-button-link elementor-size-sm\" href=\"https:\/\/devkiosk.wownautic.com\/fr\/doqueve-trolling-fishing\/\">\n\t\t\t\t\t\t<span class=\"elementor-button-content-wrapper\">\n\t\t\t\t\t\t\t\t\t<span class=\"elementor-button-text\">P\u00eache \u00e0 la tra\u00eene<\/span>\n\t\t\t\t\t<\/span>\n\t\t\t\t\t<\/a>\n\t\t\t\t<\/div>\n\t\t\t\t\t\t\t\t<\/div>\n\t\t\t\t<\/div>\n\t\t\t\t<div class=\"elementor-element elementor-element-17ce114 elementor-widget elementor-widget-button\" data-id=\"17ce114\" data-element_type=\"widget\" data-widget_type=\"button.default\">\n\t\t\t\t<div class=\"elementor-widget-container\">\n\t\t\t\t\t\t\t\t\t<div class=\"elementor-button-wrapper\">\n\t\t\t\t\t<a class=\"elementor-button elementor-button-link elementor-size-sm\" href=\"https:\/\/devkiosk.wownautic.com\/fr\/doqueve-sunset\/\">\n\t\t\t\t\t\t<span class=\"elementor-button-content-wrapper\">\n\t\t\t\t\t\t\t\t\t<span class=\"elementor-button-text\">Coucher de soleil<\/span>\n\t\t\t\t\t<\/span>\n\t\t\t\t\t<\/a>\n\t\t\t\t<\/div>\n\t\t\t\t\t\t\t\t<\/div>\n\t\t\t\t<\/div>\n\t\t\t\t<\/div>\n\t\t\t\t\t<\/div>\n\t\t\t\t<\/div>\n\t\t\t\t<\/div>","protected":false},"excerpt":{"rendered":"<p>3 heures Demie Journ\u00e9e (4h) Journ\u00e9e (8h) Trolling fishing Sunset<\/p>","protected":false},"author":1,"featured_media":0,"parent":0,"menu_order":0,"comment_status":"closed","ping_status":"closed","template":"elementor_canvas","meta":{"site-sidebar-layout":"no-sidebar","site-content-layout":"page-builder","ast-site-content-layout":"full-width-container","site-content-style":"default","site-sidebar-style":"default","ast-global-header-display":"","ast-banner-title-visibility":"","ast-main-header-display":"","ast-hfb-above-header-display":"","ast-hfb-below-header-display":"","ast-hfb-mobile-header-display":"","site-post-title":"disabled","ast-breadcrumbs-content":"","ast-featured-img":"disabled","footer-sml-layout":"","theme-transparent-header-meta":"","adv-header-id-meta":"","stick-header-meta":"","header-above-stick-meta":"","header-main-stick-meta":"","header-below-stick-meta":"","astra-migrate-meta-layouts":"set","ast-page-background-enabled":"default","ast-page-background-meta":{"desktop":{"background-color":"var(--ast-global-color-4)","background-image":"","background-repeat":"repeat","background-position":"center center","background-size":"auto","background-attachment":"scroll","background-type":"","background-media":"","overlay-type":"","overlay-color":"","overlay-opacity":"","overlay-gradient":""},"tablet":{"background-color":"","background-image":"","background-repeat":"repeat","background-position":"center center","background-size":"auto","background-attachment":"scroll","background-type":"","background-media":"","overlay-type":"","overlay-color":"","overlay-opacity":"","overlay-gradient":""},"mobile":{"background-color":"","background-image":"","background-repeat":"repeat","background-position":"center center","background-size":"auto","background-attachment":"scroll","background-type":"","background-media":"","overlay-type":"","overlay-color":"","overlay-opacity":"","overlay-gradient":""}},"ast-content-background-meta":{"desktop":{"background-color":"var(--ast-global-color-5)","background-image":"","background-repeat":"repeat","background-position":"center center","background-size":"auto","background-attachment":"scroll","background-type":"","background-media":"","overlay-type":"","overlay-color":"","overlay-opacity":"","overlay-gradient":""},"tablet":{"background-color":"var(--ast-global-color-5)","background-image":"","background-repeat":"repeat","background-position":"center center","background-size":"auto","background-attachment":"scroll","background-type":"","background-media":"","overlay-type":"","overlay-color":"","overlay-opacity":"","overlay-gradient":""},"mobile":{"background-color":"var(--ast-global-color-5)","background-image":"","background-repeat":"repeat","background-position":"center center","background-size":"auto","background-attachment":"scroll","background-type":"","background-media":"","overlay-type":"","overlay-color":"","overlay-opacity":"","overlay-gradient":""}},"footnotes":""},"class_list":["post-26524","page","type-page","status-publish","hentry"],"_links":{"self":[{"href":"https:\/\/devkiosk.wownautic.com\/fr\/wp-json\/wp\/v2\/pages\/26524","targetHints":{"allow":["GET"]}}],"collection":[{"href":"https:\/\/devkiosk.wownautic.com\/fr\/wp-json\/wp\/v2\/pages"}],"about":[{"href":"https:\/\/devkiosk.wownautic.com\/fr\/wp-json\/wp\/v2\/types\/page"}],"author":[{"embeddable":true,"href":"https:\/\/devkiosk.wownautic.com\/fr\/wp-json\/wp\/v2\/users\/1"}],"replies":[{"embeddable":true,"href":"https:\/\/devkiosk.wownautic.com\/fr\/wp-json\/wp\/v2\/comments?post=26524"}],"version-history":[{"count":25,"href":"https:\/\/devkiosk.wownautic.com\/fr\/wp-json\/wp\/v2\/pages\/26524\/revisions"}],"predecessor-version":[{"id":26669,"href":"https:\/\/devkiosk.wownautic.com\/fr\/wp-json\/wp\/v2\/pages\/26524\/revisions\/26669"}],"wp:attachment":[{"href":"https:\/\/devkiosk.wownautic.com\/fr\/wp-json\/wp\/v2\/media?parent=26524"}],"curies":[{"name":"wp","href":"https:\/\/api.w.org\/{rel}","templated":true}]}}